{"id":1318,"date":"2021-11-21T15:12:46","date_gmt":"2021-11-21T15:12:46","guid":{"rendered":"http:\/\/www.metfab.fi\/index.php\/home\/"},"modified":"2022-11-14T20:13:17","modified_gmt":"2022-11-14T20:13:17","slug":"home","status":"publish","type":"page","link":"http:\/\/www.metfab.fi\/","title":{"rendered":"Home"},"content":{"rendered":"\t\t<div data-elementor-type=\"wp-page\" data-elementor-id=\"1318\" class=\"elementor elementor-1318\">\n\t\t\t\t\t\t<section class=\"elementor-section elementor-top-section elementor-element elementor-element-8586c80 elementor-section-boxed elementor-section-height-default elementor-section-height-default\" data-id=\"8586c80\" data-element_type=\"section\" data-settings=\"{&quot;background_background&quot;:&quot;classic&quot;}\">\n\t\t\t\t\t\t<div class=\"elementor-container elementor-column-gap-default\">\n\t\t\t\t\t<div class=\"elementor-column elementor-col-100 elementor-top-column elementor-element elementor-element-7bf2fd4\" data-id=\"7bf2fd4\" data-element_type=\"column\">\n\t\t\t<div class=\"elementor-widget-wrap elementor-element-populated\">\n\t\t\t\t\t\t<div class=\"elementor-element elementor-element-c4e979e elementor-widget elementor-widget-heading\" data-id=\"c4e979e\" data-element_type=\"widget\" data-widget_type=\"heading.default\">\n\t\t\t\t<div class=\"elementor-widget-container\">\n\t\t\t<style>\/*! elementor - v3.19.0 - 28-02-2024 *\/\n.elementor-heading-title{padding:0;margin:0;line-height:1}.elementor-widget-heading .elementor-heading-title[class*=elementor-size-]>a{color:inherit;font-size:inherit;line-height:inherit}.elementor-widget-heading .elementor-heading-title.elementor-size-small{font-size:15px}.elementor-widget-heading .elementor-heading-title.elementor-size-medium{font-size:19px}.elementor-widget-heading .elementor-heading-title.elementor-size-large{font-size:29px}.elementor-widget-heading .elementor-heading-title.elementor-size-xl{font-size:39px}.elementor-widget-heading .elementor-heading-title.elementor-size-xxl{font-size:59px}<\/style><h4 class=\"elementor-heading-title elementor-size-default\">Metfab hj\u00e4lper er med pl\u00e5t- och metallarbeten<\/h4>\t\t<\/div>\n\t\t\t\t<\/div>\n\t\t\t\t\t<\/div>\n\t\t<\/div>\n\t\t\t\t\t<\/div>\n\t\t<\/section>\n\t\t\t\t<section class=\"elementor-section elementor-top-section elementor-element elementor-element-c1f0134 elementor-section-boxed elementor-section-height-default elementor-section-height-default\" data-id=\"c1f0134\" data-element_type=\"section\" data-settings=\"{&quot;background_background&quot;:&quot;classic&quot;}\">\n\t\t\t\t\t\t<div class=\"elementor-container elementor-column-gap-default\">\n\t\t\t\t\t<div class=\"elementor-column elementor-col-100 elementor-top-column elementor-element elementor-element-06c0837\" data-id=\"06c0837\" data-element_type=\"column\">\n\t\t\t<div class=\"elementor-widget-wrap elementor-element-populated\">\n\t\t\t\t\t\t<div class=\"elementor-element elementor-element-4bd0987 elementor-widget elementor-widget-heading\" data-id=\"4bd0987\" data-element_type=\"widget\" data-widget_type=\"heading.default\">\n\t\t\t\t<div class=\"elementor-widget-container\">\n\t\t\t<h4 class=\"elementor-heading-title elementor-size-default\">Svetsning av bland annat st\u00e5l, rostfritt st\u00e5l och aluminium<\/h4>\t\t<\/div>\n\t\t\t\t<\/div>\n\t\t\t\t\t<\/div>\n\t\t<\/div>\n\t\t\t\t\t<\/div>\n\t\t<\/section>\n\t\t\t\t<section class=\"elementor-section elementor-top-section elementor-element elementor-element-caeae8e elementor-section-boxed elementor-section-height-default elementor-section-height-default\" data-id=\"caeae8e\" data-element_type=\"section\" data-settings=\"{&quot;background_background&quot;:&quot;classic&quot;}\">\n\t\t\t\t\t\t<div class=\"elementor-container elementor-column-gap-default\">\n\t\t\t\t\t<div class=\"elementor-column elementor-col-100 elementor-top-column elementor-element elementor-element-5518f9b\" data-id=\"5518f9b\" data-element_type=\"column\">\n\t\t\t<div class=\"elementor-widget-wrap elementor-element-populated\">\n\t\t\t\t\t\t<div class=\"elementor-element elementor-element-84e95ab elementor-widget elementor-widget-heading\" data-id=\"84e95ab\" data-element_type=\"widget\" data-widget_type=\"heading.default\">\n\t\t\t\t<div class=\"elementor-widget-container\">\n\t\t\t<h4 class=\"elementor-heading-title elementor-size-default\">Bockning av pl\u00e5tar<\/h4>\t\t<\/div>\n\t\t\t\t<\/div>\n\t\t\t\t\t<\/div>\n\t\t<\/div>\n\t\t\t\t\t<\/div>\n\t\t<\/section>\n\t\t\t\t<section class=\"elementor-section elementor-top-section elementor-element elementor-element-beda0eb elementor-section-boxed elementor-section-height-default elementor-section-height-default\" data-id=\"beda0eb\" data-element_type=\"section\" data-settings=\"{&quot;background_background&quot;:&quot;classic&quot;}\">\n\t\t\t\t\t\t<div class=\"elementor-container elementor-column-gap-default\">\n\t\t\t\t\t<div class=\"elementor-column elementor-col-100 elementor-top-column elementor-element elementor-element-1afa100\" data-id=\"1afa100\" data-element_type=\"column\">\n\t\t\t<div class=\"elementor-widget-wrap elementor-element-populated\">\n\t\t\t\t\t\t<div class=\"elementor-element elementor-element-22512e0 elementor-widget elementor-widget-heading\" data-id=\"22512e0\" data-element_type=\"widget\" data-widget_type=\"heading.default\">\n\t\t\t\t<div class=\"elementor-widget-container\">\n\t\t\t<h4 class=\"elementor-heading-title elementor-size-default\">Tillverkning av nytt och reparation av gammalt <\/h4>\t\t<\/div>\n\t\t\t\t<\/div>\n\t\t\t\t\t<\/div>\n\t\t<\/div>\n\t\t\t\t\t<\/div>\n\t\t<\/section>\n\t\t\t\t<section class=\"elementor-section elementor-top-section elementor-element elementor-element-cf34a23 elementor-section-boxed elementor-section-height-default elementor-section-height-default\" data-id=\"cf34a23\" data-element_type=\"section\" data-settings=\"{&quot;background_background&quot;:&quot;classic&quot;}\">\n\t\t\t\t\t\t<div class=\"elementor-container elementor-column-gap-default\">\n\t\t\t\t\t<div class=\"elementor-column elementor-col-33 elementor-top-column elementor-element elementor-element-df87c80\" data-id=\"df87c80\" data-element_type=\"column\">\n\t\t\t<div class=\"elementor-widget-wrap elementor-element-populated\">\n\t\t\t\t\t\t<div class=\"elementor-element elementor-element-9dcc8c0 elementor-widget elementor-widget-image\" data-id=\"9dcc8c0\" data-element_type=\"widget\" data-widget_type=\"image.default\">\n\t\t\t\t<div class=\"elementor-widget-container\">\n\t\t\t<style>\/*! elementor - v3.19.0 - 28-02-2024 *\/\n.elementor-widget-image{text-align:center}.elementor-widget-image a{display:inline-block}.elementor-widget-image a img[src$=\".svg\"]{width:48px}.elementor-widget-image img{vertical-align:middle;display:inline-block}<\/style>\t\t\t\t\t\t\t\t\t\t<img fetchpriority=\"high\" decoding=\"async\" width=\"1024\" height=\"1007\" src=\"http:\/\/www.metfab.fi\/wp-content\/uploads\/2022\/11\/DSC_0283v2-1024x1007.jpg\" class=\"attachment-large size-large wp-image-1367\" alt=\"\" srcset=\"http:\/\/www.metfab.fi\/wp-content\/uploads\/2022\/11\/DSC_0283v2-1024x1007.jpg 1024w, http:\/\/www.metfab.fi\/wp-content\/uploads\/2022\/11\/DSC_0283v2-300x295.jpg 300w, http:\/\/www.metfab.fi\/wp-content\/uploads\/2022\/11\/DSC_0283v2-768x755.jpg 768w, http:\/\/www.metfab.fi\/wp-content\/uploads\/2022\/11\/DSC_0283v2-1536x1510.jpg 1536w, http:\/\/www.metfab.fi\/wp-content\/uploads\/2022\/11\/DSC_0283v2-2048x2013.jpg 2048w, http:\/\/www.metfab.fi\/wp-content\/uploads\/2022\/11\/DSC_0283v2-12x12.jpg 12w\" sizes=\"(max-width: 1024px) 100vw, 1024px\" \/>\t\t\t\t\t\t\t\t\t\t\t\t\t<\/div>\n\t\t\t\t<\/div>\n\t\t\t\t\t<\/div>\n\t\t<\/div>\n\t\t\t\t<div class=\"elementor-column elementor-col-33 elementor-top-column elementor-element elementor-element-4814d0f\" data-id=\"4814d0f\" data-element_type=\"column\">\n\t\t\t<div class=\"elementor-widget-wrap elementor-element-populated\">\n\t\t\t\t\t\t<div class=\"elementor-element elementor-element-fe21b0b elementor-widget elementor-widget-image\" data-id=\"fe21b0b\" data-element_type=\"widget\" data-widget_type=\"image.default\">\n\t\t\t\t<div class=\"elementor-widget-container\">\n\t\t\t\t\t\t\t\t\t\t\t\t\t<img decoding=\"async\" width=\"768\" height=\"1024\" src=\"http:\/\/www.metfab.fi\/wp-content\/uploads\/2022\/11\/DSC_0562-1-768x1024.jpg\" class=\"attachment-large size-large wp-image-1415\" alt=\"\" srcset=\"http:\/\/www.metfab.fi\/wp-content\/uploads\/2022\/11\/DSC_0562-1-768x1024.jpg 768w, http:\/\/www.metfab.fi\/wp-content\/uploads\/2022\/11\/DSC_0562-1-225x300.jpg 225w, http:\/\/www.metfab.fi\/wp-content\/uploads\/2022\/11\/DSC_0562-1-1152x1536.jpg 1152w, http:\/\/www.metfab.fi\/wp-content\/uploads\/2022\/11\/DSC_0562-1-1536x2048.jpg 1536w, http:\/\/www.metfab.fi\/wp-content\/uploads\/2022\/11\/DSC_0562-1-9x12.jpg 9w, http:\/\/www.metfab.fi\/wp-content\/uploads\/2022\/11\/DSC_0562-1-scaled.jpg 1920w\" sizes=\"(max-width: 768px) 100vw, 768px\" \/>\t\t\t\t\t\t\t\t\t\t\t\t\t<\/div>\n\t\t\t\t<\/div>\n\t\t\t\t\t<\/div>\n\t\t<\/div>\n\t\t\t\t<div class=\"elementor-column elementor-col-33 elementor-top-column elementor-element elementor-element-0d8893d\" data-id=\"0d8893d\" data-element_type=\"column\">\n\t\t\t<div class=\"elementor-widget-wrap elementor-element-populated\">\n\t\t\t\t\t\t<div class=\"elementor-element elementor-element-09fc4e6 elementor-widget elementor-widget-image\" data-id=\"09fc4e6\" data-element_type=\"widget\" data-widget_type=\"image.default\">\n\t\t\t\t<div class=\"elementor-widget-container\">\n\t\t\t\t\t\t\t\t\t\t\t\t\t<img decoding=\"async\" width=\"768\" height=\"1024\" src=\"http:\/\/www.metfab.fi\/wp-content\/uploads\/2022\/11\/ny-1-768x1024.jpg\" class=\"attachment-large size-large wp-image-1356\" alt=\"\" srcset=\"http:\/\/www.metfab.fi\/wp-content\/uploads\/2022\/11\/ny-1-768x1024.jpg 768w, http:\/\/www.metfab.fi\/wp-content\/uploads\/2022\/11\/ny-1-225x300.jpg 225w, http:\/\/www.metfab.fi\/wp-content\/uploads\/2022\/11\/ny-1-1152x1536.jpg 1152w, http:\/\/www.metfab.fi\/wp-content\/uploads\/2022\/11\/ny-1-1536x2048.jpg 1536w, http:\/\/www.metfab.fi\/wp-content\/uploads\/2022\/11\/ny-1-9x12.jpg 9w, http:\/\/www.metfab.fi\/wp-content\/uploads\/2022\/11\/ny-1-scaled.jpg 1920w\" sizes=\"(max-width: 768px) 100vw, 768px\" \/>\t\t\t\t\t\t\t\t\t\t\t\t\t<\/div>\n\t\t\t\t<\/div>\n\t\t\t\t\t<\/div>\n\t\t<\/div>\n\t\t\t\t\t<\/div>\n\t\t<\/section>\n\t\t\t\t<\/div>\n\t\t","protected":false},"excerpt":{"rendered":"<p>Metfab hj\u00e4lper er med pl\u00e5t- och metallarbeten Svetsning av bland annat st\u00e5l, rostfritt st\u00e5l och aluminium Bockning av pl\u00e5tar Tillverkning av nytt och reparation av gammalt<\/p>\n","protected":false},"author":1,"featured_media":0,"parent":0,"menu_order":0,"comment_status":"closed","ping_status":"closed","template":"","meta":{"site-sidebar-layout":"no-sidebar","site-content-layout":"page-builder","ast-site-content-layout":"","site-content-style":"default","site-sidebar-style":"default","ast-global-header-display":"","ast-banner-title-visibility":"","ast-main-header-display":"","ast-hfb-above-header-display":"","ast-hfb-below-header-display":"","ast-hfb-mobile-header-display":"","site-post-title":"disabled","ast-breadcrumbs-content":"","ast-featured-img":"disabled","footer-sml-layout":"","theme-transparent-header-meta":"enabled","adv-header-id-meta":"","stick-header-meta":"","header-above-stick-meta":"","header-main-stick-meta":"","header-below-stick-meta":"","astra-migrate-meta-layouts":"default","ast-page-background-enabled":"default","ast-page-background-meta":{"desktop":{"background-color":"var(--ast-global-color-4)","background-image":"","background-repeat":"repeat","background-position":"center center","background-size":"auto","background-attachment":"scroll","background-type":"","background-media":"","overlay-type":"","overlay-color":"","overlay-gradient":""},"tablet":{"background-color":"","background-image":"","background-repeat":"repeat","background-position":"center center","background-size":"auto","background-attachment":"scroll","background-type":"","background-media":"","overlay-type":"","overlay-color":"","overlay-gradient":""},"mobile":{"background-color":"","background-image":"","background-repeat":"repeat","background-position":"center center","background-size":"auto","background-attachment":"scroll","background-type":"","background-media":"","overlay-type":"","overlay-color":"","overlay-gradient":""}},"ast-content-background-meta":{"desktop":{"background-color":"var(--ast-global-color-5)","background-image":"","background-repeat":"repeat","background-position":"center center","background-size":"auto","background-attachment":"scroll","background-type":"","background-media":"","overlay-type":"","overlay-color":"","overlay-gradient":""},"tablet":{"background-color":"var(--ast-global-color-5)","background-image":"","background-repeat":"repeat","background-position":"center center","background-size":"auto","background-attachment":"scroll","background-type":"","background-media":"","overlay-type":"","overlay-color":"","overlay-gradient":""},"mobile":{"background-color":"var(--ast-global-color-5)","background-image":"","background-repeat":"repeat","background-position":"center center","background-size":"auto","background-attachment":"scroll","background-type":"","background-media":"","overlay-type":"","overlay-color":"","overlay-gradient":""}},"footnotes":""},"_links":{"self":[{"href":"http:\/\/www.metfab.fi\/index.php\/wp-json\/wp\/v2\/pages\/1318"}],"collection":[{"href":"http:\/\/www.metfab.fi\/index.php\/wp-json\/wp\/v2\/pages"}],"about":[{"href":"http:\/\/www.metfab.fi\/index.php\/wp-json\/wp\/v2\/types\/page"}],"author":[{"embeddable":true,"href":"http:\/\/www.metfab.fi\/index.php\/wp-json\/wp\/v2\/users\/1"}],"replies":[{"embeddable":true,"href":"http:\/\/www.metfab.fi\/index.php\/wp-json\/wp\/v2\/comments?post=1318"}],"version-history":[{"count":65,"href":"http:\/\/www.metfab.fi\/index.php\/wp-json\/wp\/v2\/pages\/1318\/revisions"}],"predecessor-version":[{"id":1478,"href":"http:\/\/www.metfab.fi\/index.php\/wp-json\/wp\/v2\/pages\/1318\/revisions\/1478"}],"wp:attachment":[{"href":"http:\/\/www.metfab.fi\/index.php\/wp-json\/wp\/v2\/media?parent=1318"}],"curies":[{"name":"wp","href":"https:\/\/api.w.org\/{rel}","templated":true}]}}